{"id":8,"date":"2025-09-25T10:59:03","date_gmt":"2025-09-25T10:59:03","guid":{"rendered":"https:\/\/www.annabedynska.pl\/?page_id=8"},"modified":"2025-09-25T10:59:03","modified_gmt":"2025-09-25T10:59:03","slug":"o-blogu","status":"publish","type":"page","link":"https:\/\/www.annabedynska.pl\/?page_id=8","title":{"rendered":"O blogu"},"content":{"rendered":"\n<p>Ka\u017cdy ogr\u00f3d to nie tylko ro\u015bliny, ale tak\u017ce emocje, wspomnienia i codzienne chwile sp\u0119dzone na \u015bwie\u017cym powietrzu. <strong>\u201eOgr\u00f3d Pe\u0142en \u017bycia\u201d powsta\u0142, aby pom\u00f3c wszystkim, kt\u00f3rzy chc\u0105 stworzy\u0107 swoj\u0105 zielon\u0105 przestrze\u0144 \u2013 pi\u0119kn\u0105, zdrow\u0105 i przyjazn\u0105.<\/strong> Na blogu znajdziesz praktyczne porady, inspiracje i wiedz\u0119 podan\u0105 w prosty spos\u00f3b, dzi\u0119ki czemu nawet pocz\u0105tkuj\u0105cy ogrodnik poczuje si\u0119 pewnie.<\/p>\n\n\n\n<p>\ud83c\udf3f <strong>Proste rozwi\u0105zania dla trudnych problem\u00f3w<\/strong><br>\ud83c\udf3b <strong>Naturalne i bezpieczne metody piel\u0119gnacji<\/strong><br>\ud83c\udf45 <strong>Sprawdzone triki z warzywniaka i sadu<\/strong><br>\ud83c\udf38 <strong>Inspiracje do ogrodu kwiatowego i na balkon<\/strong><br>\ud83c\udf33 <strong>Wiedza dla ka\u017cdego \u2013 bez fachowego \u017cargonu<\/strong><\/p>\n","protected":false},"excerpt":{"rendered":"<p>Ka\u017cdy ogr\u00f3d to nie tylko ro\u015bliny, ale tak\u017ce emocje, wspomnienia i codzienne chwile sp\u0119dzone na \u015bwie\u017cym powietrzu. \u201eOgr\u00f3d Pe\u0142en \u017bycia\u201d powsta\u0142, aby pom\u00f3c wszystkim, kt\u00f3rzy chc\u0105 stworzy\u0107 swoj\u0105 zielon\u0105 przestrze\u0144 &hellip; <a href=\"https:\/\/www.annabedynska.pl\/?page_id=8\" class=\"more-link\">Continue reading<span class=\"screen-reader-text\"> &#8222;O blogu&#8221;<\/span><\/a><\/p>\n","protected":false},"author":1,"featured_media":0,"parent":0,"menu_order":0,"comment_status":"closed","ping_status":"closed","template":"","meta":{"footnotes":""},"class_list":["post-8","page","type-page","status-publish","hentry"],"_links":{"self":[{"href":"https:\/\/www.annabedynska.pl\/index.php?rest_route=\/wp\/v2\/pages\/8","targetHints":{"allow":["GET"]}}],"collection":[{"href":"https:\/\/www.annabedynska.pl\/index.php?rest_route=\/wp\/v2\/pages"}],"about":[{"href":"https:\/\/www.annabedynska.pl\/index.php?rest_route=\/wp\/v2\/types\/page"}],"author":[{"embeddable":true,"href":"https:\/\/www.annabedynska.pl\/index.php?rest_route=\/wp\/v2\/users\/1"}],"replies":[{"embeddable":true,"href":"https:\/\/www.annabedynska.pl\/index.php?rest_route=%2Fwp%2Fv2%2Fcomments&post=8"}],"version-history":[{"count":0,"href":"https:\/\/www.annabedynska.pl\/index.php?rest_route=\/wp\/v2\/pages\/8\/revisions"}],"wp:attachment":[{"href":"https:\/\/www.annabedynska.pl\/index.php?rest_route=%2Fwp%2Fv2%2Fmedia&parent=8"}],"curies":[{"name":"wp","href":"https:\/\/api.w.org\/{rel}","templated":true}]}}